{"id":11,"date":"2013-06-19T19:49:38","date_gmt":"2013-06-19T17:49:38","guid":{"rendered":"http:\/\/zpotarnobrzeg.pl\/?page_id=11"},"modified":"2025-12-09T11:03:55","modified_gmt":"2025-12-09T10:03:55","slug":"kontakt","status":"publish","type":"page","link":"https:\/\/zpotarnobrzeg.pl\/?page_id=11","title":{"rendered":"Kontakt"},"content":{"rendered":"\n<p><\/p>\n\n\n\n<pre class=\"wp-block-code\"><code><\/code><\/pre>\n\n\n\n<p><strong><span style=\"color: #000000;\">Informacja o trybie i sposobie przyj\u0119cia do Zak\u0142adu udzielana<br \/>\njest od poniedzia\u0142ku do pi\u0105tku od 7.00 do 14.35&nbsp; pod&nbsp; telefonu (015) 822 73 55<br \/>\nlub (015) 823 64 96<\/span><\/strong><\/p>\n\n\n\n<p><span style=\"color: #000000;\">Samodzielny Publiczny Zak\u0142ad Opieki Zdrowotnej<\/span><br \/>\n<span style=\"color: #000000;\"> Zak\u0142ad Piel\u0119gnacyjno-Opieku\u0144czy<\/span><br \/>\n<span style=\"color: #000000;\"> ul. Dekutowskiego 20, 39-400 Tarnobrzeg<\/span><\/p>\n\n\n\n<p>e-mail: &nbsp;zpotarnobrzeg@zpotarnobrzeg.pl<\/p>\n\n\n\n<p><strong>Adres do e-Dor\u0119cze\u0144:<\/strong> <strong>AE:PL-36111-10367-ARDDR-15<\/strong><\/p>\n\n\n\n<p><strong>DANE INSPEKTORA OCHRONY DANYCH:<br \/><br \/><\/strong>Justyna Wojtal<\/p>\n\n\n\n<p> e-mail:&nbsp; <strong>ochronadanych@zpotarnobrzeg.pl<\/strong><\/p>\n\n\n\n<iframe src=\"https:\/\/www.google.com\/maps\/embed?pb=!1m18!1m12!1m3!1d335.58171140533847!2d21.67640663728296!3d50.57181994164245!2m3!1f0!2f0!3f0!3m2!1i1024!2i768!4f13.1!3m3!1m2!1s0x473d49f5f695751f%3A0x6af798f454c67f62!2sZak%C5%82ad%20Piel%C4%99gnacyjno%20-%20Opieku%C5%84czy.%20SPZOZ!5e0!3m2!1spl!2spl!4v1732198050202!5m2!1spl!2spl\" width=\"600\" height=\"450\" style=\"border:0;\" allowfullscreen=\"\" loading=\"lazy\" referrerpolicy=\"no-referrer-when-downgrade\"><\/iframe>\n","protected":false},"excerpt":{"rendered":"<p>Informacja o trybie i sposobie przyj\u0119cia do Zak\u0142adu udzielana jest od poniedzia\u0142ku do pi\u0105tku od 7.00 do 14.35&nbsp; pod&nbsp; telefonu (015) 822 73 55 lub (015) 823 64 96 Samodzielny Publiczny Zak\u0142ad Opieki Zdrowotnej Zak\u0142ad Piel\u0119gnacyjno-Opieku\u0144czy ul. Dekutowskiego 20, 39-400 Tarnobrzeg e-mail: &nbsp;zpotarnobrzeg@zpotarnobrzeg.pl Adres do e-Dor\u0119cze\u0144: AE:PL-36111-10367-ARDDR-15 DANE INSPEKTORA OCHRONY DANYCH: Justyna Wojtal e-mail:&nbsp; ochronadanych@zpotarnobrzeg.pl<\/p>\n","protected":false},"author":1,"featured_media":0,"parent":0,"menu_order":0,"comment_status":"closed","ping_status":"closed","template":"","meta":{"footnotes":""},"class_list":["post-11","page","type-page","status-publish","hentry"],"_links":{"self":[{"href":"https:\/\/zpotarnobrzeg.pl\/index.php?rest_route=\/wp\/v2\/pages\/11","targetHints":{"allow":["GET"]}}],"collection":[{"href":"https:\/\/zpotarnobrzeg.pl\/index.php?rest_route=\/wp\/v2\/pages"}],"about":[{"href":"https:\/\/zpotarnobrzeg.pl\/index.php?rest_route=\/wp\/v2\/types\/page"}],"author":[{"embeddable":true,"href":"https:\/\/zpotarnobrzeg.pl\/index.php?rest_route=\/wp\/v2\/users\/1"}],"replies":[{"embeddable":true,"href":"https:\/\/zpotarnobrzeg.pl\/index.php?rest_route=%2Fwp%2Fv2%2Fcomments&post=11"}],"version-history":[{"count":24,"href":"https:\/\/zpotarnobrzeg.pl\/index.php?rest_route=\/wp\/v2\/pages\/11\/revisions"}],"predecessor-version":[{"id":2960,"href":"https:\/\/zpotarnobrzeg.pl\/index.php?rest_route=\/wp\/v2\/pages\/11\/revisions\/2960"}],"wp:attachment":[{"href":"https:\/\/zpotarnobrzeg.pl\/index.php?rest_route=%2Fwp%2Fv2%2Fmedia&parent=11"}],"curies":[{"name":"wp","href":"https:\/\/api.w.org\/{rel}","templated":true}]}}