{"id":1371,"date":"2017-06-15T08:37:30","date_gmt":"2017-06-15T06:37:30","guid":{"rendered":"http:\/\/zpotarnobrzeg.pl\/?page_id=1371"},"modified":"2017-06-15T08:37:30","modified_gmt":"2017-06-15T06:37:30","slug":"medal-wiernie-i-wytrwale-dla-pani-kierownik-3","status":"publish","type":"page","link":"https:\/\/zpotarnobrzeg.pl\/?page_id=1371","title":{"rendered":"Medal \u201eWiernie i Wytrwale\u201d dla Pani Kierownik"},"content":{"rendered":"<p align=\"JUSTIFY\"><span style=\"color: #333333;\">Dnia 25 maja 2017 odby\u0142a si\u0119 uroczysto\u015b\u0107 35-lecia istnienia Polskiego Stowarzyszenia na Rzecz Os\u00f3b z Niepe\u0142nosprawno\u015bci\u0105 Intelektualn\u0105 Ko\u0142a w Tarnobrzegu. Rozpocz\u0119\u0142a j\u0105 Msza \u015bw.\u00a0dzi\u0119kczynna w\u00a0ko\u015bciele pw.\u00a0Chrystusa Kr\u00f3la w\u00a0Tarnobrzegu, celebrowana pod\u00a0przewodnictwem ks.\u00a0pra\u0142ata Jana Biedronia, proboszcza parafii pw.\u00a0Matki Bo\u017cej Nieustaj\u0105cej Pomocy. Nast\u0119pnie w\u00a0Tarnobrzeskim Domu Kultury mia\u0142a miejsce gala jubileuszowa. Podczas gali wr\u0119czono odznaczenia i wyr\u00f3\u017cnienia. Pani Kierownik Zak\u0142adu Piel\u0119gnacyjno-Opieku\u0144czego Barbara Zych otrzyma\u0142a\u00a0Medal &#8222;Fideliter et Constanter&#8221; &#8211; Wiernie i Wytrwale\u00a0nadany przez Polskie Stowarzyszenie na rzecz Os\u00f3b z Niepe\u0142nosprawno\u015bci\u0105 Intelektualn\u0105, kt\u00f3ry\u00a0jest szczeg\u00f3lnie presti\u017cowym wyr\u00f3\u017cnieniem przyznawanym w uznaniu szczeg\u00f3lnych zas\u0142ug, za wieloletni\u0105, wytrwa\u0142\u0105 i wiern\u0105 prac\u0119 dla dobra os\u00f3b z niepe\u0142nosprawno\u015bci\u0105 intelektualn\u0105.<\/span><\/p>\n<p>&nbsp;<\/p>\n<div id='gallery-1' class='gallery galleryid-1371 gallery-columns-3 gallery-size-thumbnail'><figure class='gallery-item'>\n\t\t\t<div class='gallery-icon portrait'>\n\t\t\t\t<a href='https:\/\/zpotarnobrzeg.pl\/wp-content\/uploads\/2017\/06\/DSC02211-str-768x1024.jpg'><img loading=\"lazy\" decoding=\"async\" width=\"150\" height=\"150\" src=\"https:\/\/zpotarnobrzeg.pl\/wp-content\/uploads\/2017\/06\/DSC02211-str-768x1024-150x150.jpg\" class=\"attachment-thumbnail size-thumbnail\" alt=\"\" sizes=\"auto, 100vw\" \/><\/a>\n\t\t\t<\/div><\/figure><figure class='gallery-item'>\n\t\t\t<div class='gallery-icon portrait'>\n\t\t\t\t<a href='https:\/\/zpotarnobrzeg.pl\/wp-content\/uploads\/2017\/06\/DSC02217-768x1024.jpg'><img loading=\"lazy\" decoding=\"async\" width=\"150\" height=\"150\" src=\"https:\/\/zpotarnobrzeg.pl\/wp-content\/uploads\/2017\/06\/DSC02217-768x1024-150x150.jpg\" class=\"attachment-thumbnail size-thumbnail\" alt=\"\" sizes=\"auto, 100vw\" \/><\/a>\n\t\t\t<\/div><\/figure>\n\t\t<\/div>\n\n","protected":false},"excerpt":{"rendered":"<p>Dnia 25 maja 2017 odby\u0142a si\u0119 uroczysto\u015b\u0107 35-lecia istnienia Polskiego Stowarzyszenia na Rzecz Os\u00f3b z Niepe\u0142nosprawno\u015bci\u0105 Intelektualn\u0105 Ko\u0142a w Tarnobrzegu. Rozpocz\u0119\u0142a j\u0105 Msza \u015bw.\u00a0dzi\u0119kczynna w\u00a0ko\u015bciele pw.\u00a0Chrystusa Kr\u00f3la w\u00a0Tarnobrzegu, celebrowana pod\u00a0przewodnictwem ks.\u00a0pra\u0142ata Jana Biedronia, proboszcza parafii pw.\u00a0Matki Bo\u017cej Nieustaj\u0105cej Pomocy. Nast\u0119pnie w\u00a0Tarnobrzeskim Domu Kultury mia\u0142a miejsce gala jubileuszowa. Podczas gali wr\u0119czono odznaczenia i wyr\u00f3\u017cnienia. Pani Kierownik &hellip; <\/p>\n<p class=\"link-more\"><a href=\"https:\/\/zpotarnobrzeg.pl\/?page_id=1371\" class=\"more-link\">Czytaj dalej<span class=\"screen-reader-text\"> \u201eMedal \u201eWiernie i Wytrwale\u201d dla Pani Kierownik\u201d<\/span><\/a><\/p>\n","protected":false},"author":1,"featured_media":0,"parent":0,"menu_order":0,"comment_status":"closed","ping_status":"closed","template":"","meta":{"footnotes":""},"class_list":["post-1371","page","type-page","status-publish","hentry"],"_links":{"self":[{"href":"https:\/\/zpotarnobrzeg.pl\/index.php?rest_route=\/wp\/v2\/pages\/1371","targetHints":{"allow":["GET"]}}],"collection":[{"href":"https:\/\/zpotarnobrzeg.pl\/index.php?rest_route=\/wp\/v2\/pages"}],"about":[{"href":"https:\/\/zpotarnobrzeg.pl\/index.php?rest_route=\/wp\/v2\/types\/page"}],"author":[{"embeddable":true,"href":"https:\/\/zpotarnobrzeg.pl\/index.php?rest_route=\/wp\/v2\/users\/1"}],"replies":[{"embeddable":true,"href":"https:\/\/zpotarnobrzeg.pl\/index.php?rest_route=%2Fwp%2Fv2%2Fcomments&post=1371"}],"version-history":[{"count":1,"href":"https:\/\/zpotarnobrzeg.pl\/index.php?rest_route=\/wp\/v2\/pages\/1371\/revisions"}],"predecessor-version":[{"id":1374,"href":"https:\/\/zpotarnobrzeg.pl\/index.php?rest_route=\/wp\/v2\/pages\/1371\/revisions\/1374"}],"wp:attachment":[{"href":"https:\/\/zpotarnobrzeg.pl\/index.php?rest_route=%2Fwp%2Fv2%2Fmedia&parent=1371"}],"curies":[{"name":"wp","href":"https:\/\/api.w.org\/{rel}","templated":true}]}}