{"id":1376,"date":"2017-06-15T08:43:50","date_gmt":"2017-06-15T06:43:50","guid":{"rendered":"http:\/\/zpotarnobrzeg.pl\/?page_id=1376"},"modified":"2017-06-15T08:43:50","modified_gmt":"2017-06-15T06:43:50","slug":"dni-tarnobrzega-2017","status":"publish","type":"page","link":"https:\/\/zpotarnobrzeg.pl\/?page_id=1376","title":{"rendered":"Dni Tarnobrzega 2017"},"content":{"rendered":"<p style=\"text-align: justify;\">W sobot\u0119 dnia 3 czerwca 2017 roku podczas obchod\u00f3w Dni Tarnobrzega 2017 Samodzielny Publiczny Zak\u0142ad Opieki Zdrowotnej Zak\u0142ad Piel\u0119gnacyjno-Opieku\u0144czy w Tarnobrzegu wystawi\u0142 stoisko promocji zdrowia, przy kt\u00f3rym podejmowano prozdrowotne dzia\u0142ania edukacyjne. Pracownicy SPZOZ Zak\u0142adu Piel\u0119gnacyjno-Opieku\u0144czego w Tarnobrzegu udzielali informacji i dpowiadali na pytania os\u00f3b zainteresowanych. Zorganizowano stoisko pokazowe z przyjazn\u0105 aran\u017cacj\u0105, kt\u00f3r\u0105 stanowi\u0142y prace wykonane przez pensjonariuszy w ramach terapii zaj\u0119ciowej w Zak\u0142adzie. Zaprezentowano sprz\u0119t rehabilitacyjny (turner obrotowy). Przy stoisku przekazywane by\u0142y informacje i porady og\u00f3lnozdrowotne. Pracownicy wykonywali tak\u017ce pomiary ci\u015bnienia oraz poziomu cukru we krwi oraz konsultowali indywidualnie z badanymi ich wyniki. Panie piel\u0119gniarki informowa\u0142y badanych o du\u017cym znaczeniu systematycznego dbania o swoje zdrowie i regularnego badania si\u0119. Z porad skorzysta\u0142o oko\u0142o 100 os\u00f3b.<\/p>\n<div id='gallery-1' class='gallery galleryid-1376 gallery-columns-3 gallery-size-thumbnail'><figure class='gallery-item'>\n\t\t\t<div class='gallery-icon landscape'>\n\t\t\t\t<a href='https:\/\/zpotarnobrzeg.pl\/wp-content\/uploads\/2017\/06\/20170603_140321.jpg'><img loading=\"lazy\" decoding=\"async\" width=\"150\" height=\"150\" src=\"https:\/\/zpotarnobrzeg.pl\/wp-content\/uploads\/2017\/06\/20170603_140321-150x150.jpg\" class=\"attachment-thumbnail size-thumbnail\" alt=\"\" sizes=\"auto, 100vw\" \/><\/a>\n\t\t\t<\/div><\/figure><figure class='gallery-item'>\n\t\t\t<div class='gallery-icon landscape'>\n\t\t\t\t<a href='https:\/\/zpotarnobrzeg.pl\/wp-content\/uploads\/2017\/06\/1-20170603_140425.jpg'><img loading=\"lazy\" decoding=\"async\" width=\"150\" height=\"150\" src=\"https:\/\/zpotarnobrzeg.pl\/wp-content\/uploads\/2017\/06\/1-20170603_140425-150x150.jpg\" class=\"attachment-thumbnail size-thumbnail\" alt=\"\" sizes=\"auto, 100vw\" \/><\/a>\n\t\t\t<\/div><\/figure><figure class='gallery-item'>\n\t\t\t<div class='gallery-icon portrait'>\n\t\t\t\t<a href='https:\/\/zpotarnobrzeg.pl\/wp-content\/uploads\/2017\/06\/20170603_140946.jpg'><img loading=\"lazy\" decoding=\"async\" width=\"150\" height=\"150\" src=\"https:\/\/zpotarnobrzeg.pl\/wp-content\/uploads\/2017\/06\/20170603_140946-150x150.jpg\" class=\"attachment-thumbnail size-thumbnail\" alt=\"\" sizes=\"auto, 100vw\" \/><\/a>\n\t\t\t<\/div><\/figure><figure class='gallery-item'>\n\t\t\t<div class='gallery-icon portrait'>\n\t\t\t\t<a href='https:\/\/zpotarnobrzeg.pl\/wp-content\/uploads\/2017\/06\/20170603_161427.jpg'><img loading=\"lazy\" decoding=\"async\" width=\"150\" height=\"150\" src=\"https:\/\/zpotarnobrzeg.pl\/wp-content\/uploads\/2017\/06\/20170603_161427-150x150.jpg\" class=\"attachment-thumbnail size-thumbnail\" alt=\"\" sizes=\"auto, 100vw\" \/><\/a>\n\t\t\t<\/div><\/figure><figure class='gallery-item'>\n\t\t\t<div class='gallery-icon landscape'>\n\t\t\t\t<a href='https:\/\/zpotarnobrzeg.pl\/wp-content\/uploads\/2017\/06\/20170603_140211.jpg'><img loading=\"lazy\" decoding=\"async\" width=\"150\" height=\"150\" src=\"https:\/\/zpotarnobrzeg.pl\/wp-content\/uploads\/2017\/06\/20170603_140211-150x150.jpg\" class=\"attachment-thumbnail size-thumbnail\" alt=\"\" sizes=\"auto, 100vw\" \/><\/a>\n\t\t\t<\/div><\/figure><figure class='gallery-item'>\n\t\t\t<div class='gallery-icon landscape'>\n\t\t\t\t<a href='https:\/\/zpotarnobrzeg.pl\/wp-content\/uploads\/2017\/06\/20170603_140425.jpg'><img loading=\"lazy\" decoding=\"async\" width=\"150\" height=\"150\" src=\"https:\/\/zpotarnobrzeg.pl\/wp-content\/uploads\/2017\/06\/20170603_140425-150x150.jpg\" class=\"attachment-thumbnail size-thumbnail\" alt=\"\" sizes=\"auto, 100vw\" \/><\/a>\n\t\t\t<\/div><\/figure>\n\t\t<\/div>\n\n","protected":false},"excerpt":{"rendered":"<p>W sobot\u0119 dnia 3 czerwca 2017 roku podczas obchod\u00f3w Dni Tarnobrzega 2017 Samodzielny Publiczny Zak\u0142ad Opieki Zdrowotnej Zak\u0142ad Piel\u0119gnacyjno-Opieku\u0144czy w Tarnobrzegu wystawi\u0142 stoisko promocji zdrowia, przy kt\u00f3rym podejmowano prozdrowotne dzia\u0142ania edukacyjne. Pracownicy SPZOZ Zak\u0142adu Piel\u0119gnacyjno-Opieku\u0144czego w Tarnobrzegu udzielali informacji i dpowiadali na pytania os\u00f3b zainteresowanych. Zorganizowano stoisko pokazowe z przyjazn\u0105 aran\u017cacj\u0105, kt\u00f3r\u0105 stanowi\u0142y prace wykonane &hellip; <\/p>\n<p class=\"link-more\"><a href=\"https:\/\/zpotarnobrzeg.pl\/?page_id=1376\" class=\"more-link\">Czytaj dalej<span class=\"screen-reader-text\"> \u201eDni Tarnobrzega 2017\u201d<\/span><\/a><\/p>\n","protected":false},"author":1,"featured_media":0,"parent":0,"menu_order":0,"comment_status":"closed","ping_status":"closed","template":"","meta":{"footnotes":""},"class_list":["post-1376","page","type-page","status-publish","hentry"],"_links":{"self":[{"href":"https:\/\/zpotarnobrzeg.pl\/index.php?rest_route=\/wp\/v2\/pages\/1376","targetHints":{"allow":["GET"]}}],"collection":[{"href":"https:\/\/zpotarnobrzeg.pl\/index.php?rest_route=\/wp\/v2\/pages"}],"about":[{"href":"https:\/\/zpotarnobrzeg.pl\/index.php?rest_route=\/wp\/v2\/types\/page"}],"author":[{"embeddable":true,"href":"https:\/\/zpotarnobrzeg.pl\/index.php?rest_route=\/wp\/v2\/users\/1"}],"replies":[{"embeddable":true,"href":"https:\/\/zpotarnobrzeg.pl\/index.php?rest_route=%2Fwp%2Fv2%2Fcomments&post=1376"}],"version-history":[{"count":1,"href":"https:\/\/zpotarnobrzeg.pl\/index.php?rest_route=\/wp\/v2\/pages\/1376\/revisions"}],"predecessor-version":[{"id":1383,"href":"https:\/\/zpotarnobrzeg.pl\/index.php?rest_route=\/wp\/v2\/pages\/1376\/revisions\/1383"}],"wp:attachment":[{"href":"https:\/\/zpotarnobrzeg.pl\/index.php?rest_route=%2Fwp%2Fv2%2Fmedia&parent=1376"}],"curies":[{"name":"wp","href":"https:\/\/api.w.org\/{rel}","templated":true}]}}