{"id":2,"date":"2013-06-19T17:32:35","date_gmt":"2013-06-19T17:32:35","guid":{"rendered":"http:\/\/zpotarnobrzeg.pl\/?page_id=2"},"modified":"2024-11-21T15:01:49","modified_gmt":"2024-11-21T14:01:49","slug":"przykladowa-strona","status":"publish","type":"page","link":"https:\/\/zpotarnobrzeg.pl\/?page_id=2","title":{"rendered":"O Nas"},"content":{"rendered":"\n<p><\/p>\n\n\n\n<p class=\"has-text-align-left has-medium-font-size\"><span style=\"color: #000000;\"><strong>Zak\u0142ad Piel\u0119gnacyjno-Opieku\u0144czy<\/strong> rozpocz\u0105\u0142 swoj\u0105 dzia\u0142alno\u015b\u0107 w dniu 8 sierpnia 2001r. Pocz\u0105tkowo przebywa\u0142o w Zak\u0142adzie 18 os\u00f3b. Obecnie liczba ta wynosi 77 pacjent\u00f3w. Dodatkowo Zak\u0142ad opiekuje si\u0119 &nbsp;14 osobami w ramach tzw. piel\u0119gnacyjnej opieki domowej. <\/span><span style=\"color: #000000;\">S\u0105 to osoby ze schorzeniami neurologicznymi, przewlekle post\u0119puj\u0105cymi chorobami mi\u0119\u015bni i staw\u00f3w, po skomplikowanych z\u0142amaniach i urazach, z trudno goj\u0105cymi si\u0119 ranami i odle\u017cynami z licznymi powik\u0142aniami cukrzycowymi, a tak\u017ce chorzy w stanie wegetatywnym.<\/span><\/p>\n\n\n\n<p class=\"has-text-align-left has-medium-font-size\"><span style=\"color: #000000;\">Misj\u0105 Zak\u0142adu jest pomoc cz\u0142owiekowi przewlekle choremu w odzyskiwaniu mo\u017cliwie najwi\u0119kszego zakresu sprawno\u015bci i niezale\u017cno\u015bci, poprawa jako\u015bci jego \u017cycia oraz zaanga\u017cowanie bliskich mu os\u00f3b.<\/span><\/p>\n\n\n\n<p class=\"has-text-align-left has-medium-font-size\"><strong><span style=\"color: #000000;\">Zak\u0142ad zapewnia pacjentom \u015bwiadczenia medyczne polegaj\u0105ce na:<\/span><\/strong><\/p>\n\n\n\n<p class=\"has-text-align-left has-medium-font-size\"><span style=\"color: #000000;\"> &#8211; \u015bwiadczeniu ca\u0142odobowych, kompleksowych dzia\u0142a\u0144 piel\u0119gniarskich<\/span><br \/>\n<span style=\"color: #000000;\"> &#8211; sprawowaniu opieki lekarskiej<\/span><br \/>\n<span style=\"color: #000000;\"> &#8211; kontynuacji leczenia farmakologicznego,<\/span><br \/>\n<span style=\"color: #000000;\"> &#8211; zapewnieniu niezb\u0119dnych konsultacji i bada\u0144 diagnostycznych<\/span><br \/>\n<span style=\"color: #000000;\"> &#8211; ustaleniu i stosowaniu diety<\/span><br \/>\n<span style=\"color: #000000;\"> &#8211; usprawnianiu ruchowym i podejmowaniu dzia\u0142a\u0144 fizjoterapeutycznych,<\/span><br \/>\n<span style=\"color: #000000;\"> &#8211; prowadzeniu stymulacji metodami terapeutycznymi i psychoterapeutycznymi pobudzaj\u0105cych aktywno\u015b\u0107 \u017cyciow\u0105,<\/span><br \/>\n<span style=\"color: #000000;\"> &#8211; przygotowaniu chorego i jego bliskich do samoopieki i samopiel\u0119gnacji.<\/span><\/p>\n\n\n\n<p class=\"has-text-align-left has-medium-font-size\"><span style=\"color: #000000;\"><strong>Zak\u0142ad Piel\u0119gnacyjno-Opieku\u0144czy \u015bwiadczy us\u0142ugi w zakresie rehabilitacji<\/strong>.<br \/>\n<\/span><br \/>\n<span style=\"color: #000000;\"> Chorzy przebywaj\u0105cy w zak\u0142adzie odbywaj\u0105 indywidualne zaj\u0119cia z fizjoterpeutami<br \/>\noraz na sali rehabilitacyjnej. Ilo\u015b\u0107 zaj\u0119\u0107, czas oraz zakres wykonywanych \u0107wicze\u0144<br \/>\ns\u0105 \u015bci\u015ble dostosowane do stanu zdrowia chorego, wsp\u00f3\u0142istniej\u0105cych chor\u00f3b<br \/>\ni indywidualnych mo\u017cliwo\u015bci.<\/span><\/p>\n\n\n\n<p class=\"has-text-align-left has-medium-font-size\"><span style=\"color: #000000;\"><strong>Wykaz zabieg\u00f3w mo\u017cliwych do realizacji w Gabinecie Fizykoterapii<\/strong>:<br \/>\n<\/span><br \/>\n<span style=\"color: #000000;\"> &#8211; zabiegi z zakresu magnoterapii<\/span><br \/>\n<span style=\"color: #000000;\"> &#8211; zabiegi z zakresu elektroterapii\/ DD, INTERDYNAMIC,TENS, jonoforeza\/<\/span><br \/>\n<span style=\"color: #000000;\"> &#8211; zabiegi z zakresu laseroterapii\/laser biostymulacyjny\/<\/span><br \/>\n<span style=\"color: #000000;\"> &#8211; zabiegi z zakresu \u015bwiat\u0142olecznictwa\/lampy sollux, Bioptron\/<\/span><br \/>\n<span style=\"color: #000000;\"> &#8211; masa\u017c klasyczny<\/span><\/p>\n\n\n\n<p class=\"has-text-align-left has-medium-font-size\"><span style=\"color: #000000;\"><strong>oraz z zakresu kizezyterapii<\/strong>:<\/span><br \/>\n<span style=\"color: #000000;\"> &#8211; \u0107wiczenia bierne<\/span><br \/>\n<span style=\"color: #000000;\"> &#8211; \u0107wiczenia czynno-bierne<\/span><br \/>\n<span style=\"color: #000000;\"> &#8211; \u0107wiczenia czynne<\/span><br \/>\n<span style=\"color: #000000;\"> &#8211; \u0107wiczenia specjalne<\/span><br \/>\n<span style=\"color: #000000;\"> &#8211; pionizacja i nauka poruszania si\u0119<\/span><br \/>\n<span style=\"color: #000000;\"> &#8211; \u0107wiczenia manualne r\u0105k<\/span><br \/>\n<span style=\"color: #000000;\"> &#8211; \u0107wiczenia og\u00f3lnousprawniaj\u0105ce<\/span><\/p>\n\n\n\n<p class=\"has-text-align-left has-medium-font-size\"><b>Przebieg procesu udzielania \u015bwiadcze\u0144 zdrowotnych:<\/b><b>&nbsp;<\/b><\/p>\n\n\n\n<p class=\"has-text-align-left has-medium-font-size\">Na mocy Rozporz\u0105dzenia Ministra Zdrowia z dnia 25 czerwca 2012 r. poz. 731, obowi\u0105zuje nowy tryb kierowania do zak\u0142ad\u00f3w opieku\u0144czych (opieku\u0144czo-leczniczych i piel\u0119gnacyjno-opieku\u0144czych). Zgodnie z w\/w Rozporz\u0105dzeniem, skierowanie do zak\u0142adu opieku\u0144czego wydaje lekarz ubezpieczenia zdrowotnego, a pacjent sk\u0142ada dokumenty bezpo\u015brednio do wybranego zak\u0142adu opieku\u0144czego.<\/p>\n\n\n\n<p class=\"has-text-align-left has-medium-font-size\">Je\u017celi osoba skierowana do Zak\u0142adu z powodu braku miejsca nie mo\u017ce by\u0107 od razu przyj\u0119ta do Zak\u0142adu, zostaje wpisana na list\u0119 oczekuj\u0105cych.<\/p>\n\n\n\n<p class=\"has-text-align-left has-medium-font-size\">Kierownik Zak\u0142adu zawiadamia pisemnie lub telefonicznie osob\u0119 skierowan\u0105 do Zak\u0142adu, (opiekuna prawnego lub rodzin\u0119), o przybli\u017conym terminie przyj\u0119cia do Zak\u0142adu.<\/p>\n\n\n\n<p class=\"has-text-align-left has-medium-font-size\"><span style=\"color: #000000;\"><strong>Nale\u017cy z\u0142o\u017cy\u0107 nast\u0119puj\u0105ce dokumenty<\/strong>:<\/span><\/p>\n\n\n\n<p class=\"has-text-align-left has-medium-font-size\"><span style=\"color: #000000;\">a) <strong>wniosek o wydanie skierowania do zak\u0142adu opieku\u0144czego<\/strong>, wniosek wraz z wymienionymi poni\u017cej dokumentami sk\u0142ada do lekarza ubezpieczenia zdrowotnego \u015bwiadczeniobiorca,<\/span><\/p>\n\n\n\n<p class=\"has-text-align-left has-medium-font-size\"><span style=\"color: #000000;\">b) <strong>wywiad piel\u0119gniarski<\/strong> &#8211; wype\u0142nia piel\u0119gniarka (zgodnie z ww. rozporz\u0105dzeniem) <strong>i za\u015bwiadczenie lekarskie<\/strong> &#8211; wype\u0142nia lekarz (zgodnie z ww. rozporz\u0105dzeniem),<\/span><\/p>\n\n\n\n<p class=\"has-text-align-left has-medium-font-size\"><span style=\"color: #000000;\">c) <strong>skierowanie do zak\u0142adu piel\u0119gnacyjno-opieku\u0144czego<\/strong> &#8211; wype\u0142nia lekarz (zgodnie z ww. rozporz\u0105dzeniem),<\/span><\/p>\n\n\n\n<p class=\"has-text-align-left has-medium-font-size\"><span style=\"color: #000000;\">d) <strong>karta oceny \u015bwiadczeniobiorcy kierowanego do zak\u0142adu piel\u0119gnacyjno-opieku\u0144czego (ocena wg skali Barthel)<\/strong> &#8211; wype\u0142nia piel\u0119gniarka oraz lekarz ubezpieczenia zdrowotnego (do przyj\u0119cia do zak\u0142adu kwalifikuje si\u0119 pacjent, kt\u00f3ry uzyska\u0142 od 0 do 40 pkt),<\/span><\/p>\n\n\n\n<p class=\"has-text-align-left has-medium-font-size\">e) <strong>o\u015bwiadczenie opiekuna prawnego\/faktycznego lub innego przedstawiciela pacjenta&nbsp;<\/strong><\/p>\n\n\n\n<p class=\"has-text-align-left has-medium-font-size\">f) <strong>o\u015bwiadczenie o upowa\u017cnieniu lub braku upowa\u017cnienia dost\u0119pu do dokumentacji medycznej&nbsp;<\/strong><\/p>\n\n\n\n<p class=\"has-text-align-left has-medium-font-size\">g) <strong>zgoda na publikacj\u0119 wizerunku<\/strong><\/p>\n\n\n\n<p class=\"has-text-align-left has-medium-font-size\">h)<strong> zgoda na umieszczanie danych osobowych na prywatnym sprz\u0119cie<\/strong><\/p>\n\n\n\n<p class=\"has-text-align-left has-medium-font-size\">i) <strong>o\u015bwiadczenia<\/strong><\/p>\n\n\n\n<p class=\"has-text-align-left has-medium-font-size\">j ) <strong>klauzula informacyjna dla pacjent\u00f3w i ich opiekun\u00f3w<\/strong><\/p>\n\n\n\n<p class=\"has-text-align-left has-medium-font-size\"><strong>Dla os\u00f3b \u017cywionych pozajelitowo lub dojelitowo<br \/>\ni ocenionych wg skali Glasgow na 8 lub mniej punkt\u00f3w:<\/strong><\/p>\n\n\n\n<p class=\"has-text-align-left has-medium-font-size\">Skala Glasgow<\/p>\n\n\n\n<p class=\"has-text-align-left has-medium-font-size\">Karta kwalifikacji doros\u0142ych do \u017cywienia pozajelitowego i dojelitowego<\/p>\n\n\n\n<p class=\"has-text-align-left has-medium-font-size\">Ocena ryzyka zwi\u0105zanego ze stanem od\u017cywiania<\/p>\n\n\n\n<p class=\"has-text-align-left has-medium-font-size\"><strong>Wype\u0142nia lekarz, je\u015bli pacjent wymaga \u017cywienia pozajelitowego lub dojelitowego.<\/strong><\/p>\n\n\n\n<p class=\"has-text-align-left has-medium-font-size\">&#8212;&#8212;&#8212;&#8212;&#8212;&#8212;&#8212;&#8212;&#8212;&#8212;&#8212;&#8212;&#8212;&#8212;&#8212;&#8212;&#8212;&#8212;&#8212;&#8212;&#8212;&#8212;&#8212;&#8212;&#8212;&#8212;&#8212;&#8212;&#8212;&#8212;&#8212;&#8212;-<\/p>\n\n\n\n<p class=\"has-text-align-left has-medium-font-size\"><span style=\"color: #000000;\"><strong>Wymagane dokumenty <\/strong><\/span><span style=\"color: #000000;\">&nbsp;\u2013 mo\u017cna z\u0142o\u017cy\u0107 lub przes\u0142a\u0107 na adres zak\u0142adu:<\/span><br \/>\n<span style=\"color: #000000;\"> <strong>Zak\u0142ad Piel\u0119gnacyjno-Opieku\u0144czy w Tarnobrzegu, ul. Dekutowskiego 20<br \/>\n39-400 Tarnobrzeg<br \/>\n<\/strong><\/span><br \/>\n<span style=\"color: #000000;\"> O terminie przyj\u0119cia do zak\u0142adu informujemy telefonicznie. Je\u017celi osoba nie mo\u017ce by\u0107 przyj\u0119ta z powodu braku miejsc, zostaje wpisana na list\u0119 os\u00f3b oczekuj\u0105cych prowadzon\u0105 przez zak\u0142ad.<\/span><\/p>\n\n\n\n<p class=\"has-text-align-left has-medium-font-size\"><strong>Wysoko\u015b\u0107 op\u0142at za \u015bwiadczenia zdrowotne:<\/strong><\/p>\n\n\n\n<p class=\"has-text-align-left has-medium-font-size\">Op\u0142ata miesi\u0119czna na pokrycie koszt\u00f3w zakwaterowania i wy\u017cywienia w Zak\u0142adzie, okre\u015bla art.18 ustawy 1 z dnia 27 sierpnia 2004r. O \u015bwiadczeniach opieki zdrowotnej finansowanych ze \u015brodk\u00f3w publicznych , kt\u00f3ra m\u00f3wi i\u017c:<\/p>\n\n\n\n<p class=\"has-text-align-left has-medium-font-size\">&#8211; wysoko\u015b\u0107 op\u0142aty maksymalnie wynosi 250 % najni\u017cszej emerytury,<\/p>\n\n\n\n<p class=\"has-text-align-left has-medium-font-size\">&#8211; i op\u0142ata nie mo\u017ce by\u0107&nbsp; wy\u017csza ni\u017c kwota odpowiadaj\u0105ca 70% miesi\u0119cznego dochodu pacjenta.<\/p>\n\n\n\n<p class=\"has-text-align-left has-medium-font-size\"><strong>Wysoko\u015b\u0107 op\u0142at za udost\u0119pnienie dokumentacji medycznej:<\/strong><\/p>\n\n\n\n<p class=\"has-text-align-left has-medium-font-size\">1) jedn\u0105 stron\u0119 wyci\u0105gu lub odpisu dokumentacji medycznej &#8211; nie mo\u017ce przekracza\u0107 0,002 przeci\u0119tnego wynagrodzenia w&nbsp;poprzednim kwartale.<\/p>\n\n\n\n<p class=\"has-text-align-left has-medium-font-size\">2) jedn\u0105 stron\u0119 kopii dokumentacji medycznej &#8211; nie mo\u017ce przekracza\u0107 0,00007 przeci\u0119tnego wynagrodzenia, o kt\u00f3rym mowa w pkt 1;<\/p>\n\n\n\n<p class=\"has-text-align-left has-medium-font-size\">3) sporz\u0105dzenie wyci\u0105gu, odpisu lub kopii dokumentacji medycznej na elektronicznym no\u015bniku danych, je\u017celi zak\u0142ad prowadzi dokumentacj\u0119 medyczn\u0105 w formie elektronicznej &#8211; nie mo\u017ce przekracza\u0107 0,0004 przeci\u0119tnego wynagrodzenia,<br \/>\no&nbsp;kt\u00f3rym mowa w&nbsp;pkt 1.<\/p>\n\n\n\n<p class=\"has-text-align-left has-medium-font-size\"><strong style=\"color: #000000;\">Pacjent przy przyj\u0119ciu powinien posiada\u0107<\/strong><span style=\"color: #000000;\">:<\/span><\/p>\n\n\n\n<p class=\"has-text-align-left has-medium-font-size\"><span style=\"color: #000000;\"> &#8211; dow\u00f3d osobisty,<\/span><br \/>\n<span style=\"color: #000000;\"> &#8211; legitymacj\u0119 ubezpieczenia zdrowotnego (legitymacja emeryta, rencisty),<br \/>\n<\/span>&#8211;&nbsp; plan przyjmowania lek\u00f3w<br \/>\n<span style=\"color: #000000;\"> &#8211; myd\u0142o w p\u0142ynie, szampon, past\u0119 i szczoteczk\u0119 do z\u0119b\u00f3w, kubek na protez\u0119 (je\u017celi pacjent posiada protez\u0119), grzebie\u0144, chusteczki higieniczne, chusteczki nawil\u017caj\u0105ce do cia\u0142a, przybory do golenia, 3 g\u0105bki do mycia- podczas pobytu prosimy systematycznie wymienia\u0107 na nowe , misk\u0119 do mycia o \u015brednicy oko\u0142o 40 cm, obcinacz do paznokci kubeczek na herbat\u0119, wod\u0119 do picia w ma\u0142ych, podr\u0119cznych butelkach<\/span><br \/>\n<span style=\"color: #000000;\"> &#8211; pi\u017cam\u0119 lub koszul\u0119 nocn\u0105 (2 komplety), kapcie dobrze trzymaj\u0105ce stop\u0119, r\u0119czniki \u2013 3 sztuki, w tym 1 du\u017cy k\u0105pielowy, wygodne ubranie dzienne dostosowane do pory roku, np. dresy, spodnie, bluza, koszulki (2 zmiany), wygodne obuwie, najlepiej mi\u0119kkie, sportowe, sznurowane.&nbsp;<\/span><\/p>\n\n\n\n<p class=\"has-text-align-left has-medium-font-size\"><span style=\"color: #000000;\"><strong>Informacji na temat sposobu i trybu kierowania pacjent\u00f3w udzielamy telefoniczne<\/strong><br \/>\nTel. (15) 823- 64-96 oraz (15) 822 73 55 wew. 19<\/span><\/p>\n","protected":false},"excerpt":{"rendered":"<p>Zak\u0142ad Piel\u0119gnacyjno-Opieku\u0144czy rozpocz\u0105\u0142 swoj\u0105 dzia\u0142alno\u015b\u0107 w dniu 8 sierpnia 2001r. Pocz\u0105tkowo przebywa\u0142o w Zak\u0142adzie 18 os\u00f3b. Obecnie liczba ta wynosi 77 pacjent\u00f3w. Dodatkowo Zak\u0142ad opiekuje si\u0119 &nbsp;14 osobami w ramach tzw. piel\u0119gnacyjnej opieki domowej. S\u0105 to osoby ze schorzeniami neurologicznymi, przewlekle post\u0119puj\u0105cymi chorobami mi\u0119\u015bni i staw\u00f3w, po skomplikowanych z\u0142amaniach i urazach, z trudno goj\u0105cymi si\u0119 &hellip; <\/p>\n<p class=\"link-more\"><a href=\"https:\/\/zpotarnobrzeg.pl\/?page_id=2\" class=\"more-link\">Czytaj dalej<span class=\"screen-reader-text\"> \u201eO Nas\u201d<\/span><\/a><\/p>\n","protected":false},"author":1,"featured_media":0,"parent":0,"menu_order":0,"comment_status":"closed","ping_status":"closed","template":"","meta":{"footnotes":""},"class_list":["post-2","page","type-page","status-publish","hentry"],"_links":{"self":[{"href":"https:\/\/zpotarnobrzeg.pl\/index.php?rest_route=\/wp\/v2\/pages\/2","targetHints":{"allow":["GET"]}}],"collection":[{"href":"https:\/\/zpotarnobrzeg.pl\/index.php?rest_route=\/wp\/v2\/pages"}],"about":[{"href":"https:\/\/zpotarnobrzeg.pl\/index.php?rest_route=\/wp\/v2\/types\/page"}],"author":[{"embeddable":true,"href":"https:\/\/zpotarnobrzeg.pl\/index.php?rest_route=\/wp\/v2\/users\/1"}],"replies":[{"embeddable":true,"href":"https:\/\/zpotarnobrzeg.pl\/index.php?rest_route=%2Fwp%2Fv2%2Fcomments&post=2"}],"version-history":[{"count":31,"href":"https:\/\/zpotarnobrzeg.pl\/index.php?rest_route=\/wp\/v2\/pages\/2\/revisions"}],"predecessor-version":[{"id":2889,"href":"https:\/\/zpotarnobrzeg.pl\/index.php?rest_route=\/wp\/v2\/pages\/2\/revisions\/2889"}],"wp:attachment":[{"href":"https:\/\/zpotarnobrzeg.pl\/index.php?rest_route=%2Fwp%2Fv2%2Fmedia&parent=2"}],"curies":[{"name":"wp","href":"https:\/\/api.w.org\/{rel}","templated":true}]}}