{"id":33,"date":"2013-06-20T12:52:42","date_gmt":"2013-06-20T10:52:42","guid":{"rendered":"http:\/\/zpotarnobrzeg.pl\/?page_id=33"},"modified":"2018-08-22T14:40:48","modified_gmt":"2018-08-22T12:40:48","slug":"projekt-unii-europejskiej","status":"publish","type":"page","link":"https:\/\/zpotarnobrzeg.pl\/?page_id=33","title":{"rendered":"Projekt Unii Europejskiej"},"content":{"rendered":"<p><img loading=\"lazy\" decoding=\"async\" class=\" wp-image-26 alignnone\" title=\"eu-zpo\" src=\"https:\/\/zpotarnobrzeg.pl\/wp-content\/uploads\/2013\/06\/eu-zpo.png\" alt=\"\" width=\"560\" height=\"93\" srcset=\"https:\/\/zpotarnobrzeg.pl\/wp-content\/uploads\/2013\/06\/eu-zpo.png 800w, https:\/\/zpotarnobrzeg.pl\/wp-content\/uploads\/2013\/06\/eu-zpo-300x49.png 300w\" sizes=\"auto, (max-width: 560px) 100vw, 560px\" \/><\/p>\n<p><span style=\"color: #000000;\">Realizacja projektu pn. &#8222;Rozbudowa SPZOZ Zak\u0142adu Piel\u0119gnacyjno-Opieku\u0144czego w Tarnobrzegu oraz zakup nowoczesnej aparatury i sprz\u0119tu rehabilitacyjnego&#8221;<\/span><br \/>\n<span style=\"color: #000000;\"> jest finansowana ze \u015brodk\u00f3w Unii Europejskiej z Europejskiego Funduszu Rozwoju Regionalnego Programu Operacyjnego Wojew\u00f3dztwa Podkarpackiego na<\/span><br \/>\n<span style=\"color: #000000;\"> lata 2007 \u2013 2013 w ramach osi priorytetowych II-VII O\u015b priorytetowa 5 Infrastruktura publiczna oraz bud\u017cetu Miasta Tarnobrzeg.<\/span><\/p>\n<p><span style=\"color: #000000;\">Projekt opiewa na kwot\u0119 1 242 624,56 . \u015arodki, kt\u00f3re zosta\u0142y pozyskane ze \u015brodk\u00f3w unijnych stanowi\u0105 70% inwestycji i wynosz\u0105 : 869 837,19.<\/span><br \/>\n<span style=\"color: #000000;\"> Pozosta\u0142e 30 % w wysoko\u015bci 372 787,37 z\u0142 pochodzi z bud\u017cetu miasta Tarnobrzeg . Planowany termin zako\u0144czenia inwestycji, to 30.06.r..<\/span><\/p>\n<p><span style=\"color: #000000;\">W wyniku realizacji projektu zostanie rozbudowany istniej\u0105cy budynek w formie obiektu podpiwniczonego, pi\u0119trowego, po\u0142\u0105czonego \u0142\u0105cznikiem z cz\u0119\u015bci\u0105<\/span><br \/>\n<span style=\"color: #000000;\"> zasadnicz\u0105. Dobudowane cz\u0119\u015bci obiektu b\u0119d\u0105 pe\u0142ni\u0107 funkcje: administracyjno-socjalne, magazynowe, oraz u\u017cytkowe zwi\u0105zane z dzia\u0142alno\u015bci\u0105<\/span><br \/>\n<span style=\"color: #000000;\"> zak\u0142adu- sta\u0142a opieka zdrowotne, rehabilitacja, pomieszczenia sanitarne i techniczne.<\/span><br \/>\n<span style=\"color: #000000;\"> Dobudowany zostanie cz\u0119\u015b\u0107 sk\u0142adaj\u0105ca si\u0119 z :<\/span><br \/>\n<span style=\"color: #000000;\"> 1) piwnic \u2013 w sk\u0142ad kt\u00f3rej wchodz\u0105:<\/span><br \/>\n<span style=\"color: #000000;\"> magazyn \u015brodk\u00f3w medyczno-pomocniczych ;pomieszczenie porz\u0105dkowe; sk\u0142ad<\/span><br \/>\n<span style=\"color: #000000;\"> \u0142\u00f3\u017cek; sk\u0142ad po\u015bcieli i materac\u00f3w; 2 pomieszczenia techniczne; magazyn<\/span><br \/>\n<span style=\"color: #000000;\"> \u015brodk\u00f3w czysto\u015bci ;<\/span><br \/>\n<span style=\"color: #000000;\"> 2) parteru \u2013 w sk\u0142ad kt\u00f3rego wchodzi:<\/span><br \/>\n<span style=\"color: #000000;\"> pok\u00f3j rehabilitacyjno-zabiegowy; pok\u00f3j 3 osobowy; pok\u00f3j 3 osobowy; pok\u00f3j<\/span><br \/>\n<span style=\"color: #000000;\"> zabiegowy piel\u0119gniarek; pok\u00f3j rehabilitacyjny-zab; pok\u00f3j 3 osobowy; toalety<\/span><\/p>\n<p><span style=\"color: #000000;\">3)pi\u0119tra \u2013 pok\u00f3j spotka\u0144 rodzinnych; sala terapii zaj\u0119ciowej; pok\u00f3j 3<\/span><br \/>\n<span style=\"color: #000000;\"> osobowy; pok\u00f3j 3 osobowy; pok\u00f3j 4 osobowy;pok\u00f3j 2 osobowy; toalety;<\/span><br \/>\n<span style=\"color: #000000;\"> Dobudowany segment zostanie wyposa\u017cony w wind\u0119 oraz zostanie przystosowany<\/span><br \/>\n<span style=\"color: #000000;\"> do os\u00f3b niepe\u0142nosprawnych (uchwyty, pochwyty, szerokie korytarze,<\/span><br \/>\n<span style=\"color: #000000;\"> elektroniczny system przywo\u0142awczy.<\/span><\/p>\n<p><span style=\"color: #000000;\">W zwi\u0105zku z tym, liczba pacjent\u00f3w przebywaj\u0105cych w Zak\u0142adzie wzro\u015bnie o 21.<\/span><\/p>\n<p><span style=\"color: #000000;\">Dane techniczne projektowanego (nowego segmentu) budynku :<\/span><br \/>\n<span style=\"color: #000000;\"> Powierzchnia zabudowy \u2013 267,90 m2<\/span><br \/>\n<span style=\"color: #000000;\"> Powierzchnia u\u017cytkowa ca\u0142kowita \u2013 646,84 m2<\/span><br \/>\n<span style=\"color: #000000;\"> Kubatura \u2013 1 956,52 m3<\/span><br \/>\n<span style=\"color: #000000;\"> Wysoko\u015b\u0107 kondygnacji piwnic \u2013 2,20 m , pozosta\u0142ych kondygnacji \u2013 3,00 m<\/span><br \/>\n<span style=\"color: #000000;\"> Wysoko\u015b\u0107 budynku w kalenicy \u2013 8,15 m.<\/span><\/p>\n<p><span style=\"color: #000000;\">Dodatkowo r\u00f3wnie\u017c zostanie zakupiony sprz\u0119t rehabilitacyjny w postaci:<\/span><\/p>\n<p><span style=\"color: #000000;\">Magnetronika &#8211; Jest on przeznaczony do terapii za pomoc\u0105 pulsuj\u0105cego pola magnetycznego o ma\u0142ej cz\u0119stotliwo\u015bci. Stosowanie magnetroniku wp\u0142ywa na u\u015bmierzenie b\u00f3lu, zapobieganie stanom zapalnym oraz odpr\u0119\u017cenie cia\u0142a.<\/span><br \/>\n<span style=\"color: #000000;\"> Wskazaniami medycznymi do stosowania urz\u0105dzenia jest: op\u00f3\u017anione leczenie uraz\u00f3w ko\u015bci, kontuzje, skr\u0119cenia, zwichni\u0119cia, urazy \u015bci\u0119gien, nerwob\u00f3le, zaburzenia w krwiobiegu.<\/span><br \/>\n<span style=\"color: #000000;\"> Aparatu do elektroterapii \u2013 s\u0142u\u017c\u0105cy do wykonywania zabieg\u00f3w elektroterapii pr\u0105dami unipolarnymi i bipolarnymi w celu poprawy uk\u0142adu mi\u0119\u015bniowego i nerwowego cz\u0142owiek<\/span><\/p>\n<p><span style=\"color: #000000;\">Rower elektromagnetyczny, aparatu do masa\u017cu st\u00f3p, mat\u0119 do masa\u017cu wibracyjnego, materac do masa\u017cu Shiatsu, materac przeciwodle\u017cynowy, \u0142\u00f3\u017cko rehabilitacyjne elektryczne, laser z aplikatorem \u2013 jest to urz\u0105dzenie przeznaczone do wykonywania zabieg\u00f3w laseroterapii.<\/span><\/p>\n","protected":false},"excerpt":{"rendered":"<p>Realizacja projektu pn. &#8222;Rozbudowa SPZOZ Zak\u0142adu Piel\u0119gnacyjno-Opieku\u0144czego w Tarnobrzegu oraz zakup nowoczesnej aparatury i sprz\u0119tu rehabilitacyjnego&#8221; jest finansowana ze \u015brodk\u00f3w Unii Europejskiej z Europejskiego Funduszu Rozwoju Regionalnego Programu Operacyjnego Wojew\u00f3dztwa Podkarpackiego na lata 2007 \u2013 2013 w ramach osi priorytetowych II-VII O\u015b priorytetowa 5 Infrastruktura publiczna oraz bud\u017cetu Miasta Tarnobrzeg. Projekt opiewa na kwot\u0119 1 &hellip; <\/p>\n<p class=\"link-more\"><a href=\"https:\/\/zpotarnobrzeg.pl\/?page_id=33\" class=\"more-link\">Czytaj dalej<span class=\"screen-reader-text\"> \u201eProjekt Unii Europejskiej\u201d<\/span><\/a><\/p>\n","protected":false},"author":1,"featured_media":0,"parent":0,"menu_order":0,"comment_status":"closed","ping_status":"closed","template":"","meta":{"footnotes":""},"class_list":["post-33","page","type-page","status-publish","hentry"],"_links":{"self":[{"href":"https:\/\/zpotarnobrzeg.pl\/index.php?rest_route=\/wp\/v2\/pages\/33","targetHints":{"allow":["GET"]}}],"collection":[{"href":"https:\/\/zpotarnobrzeg.pl\/index.php?rest_route=\/wp\/v2\/pages"}],"about":[{"href":"https:\/\/zpotarnobrzeg.pl\/index.php?rest_route=\/wp\/v2\/types\/page"}],"author":[{"embeddable":true,"href":"https:\/\/zpotarnobrzeg.pl\/index.php?rest_route=\/wp\/v2\/users\/1"}],"replies":[{"embeddable":true,"href":"https:\/\/zpotarnobrzeg.pl\/index.php?rest_route=%2Fwp%2Fv2%2Fcomments&post=33"}],"version-history":[{"count":6,"href":"https:\/\/zpotarnobrzeg.pl\/index.php?rest_route=\/wp\/v2\/pages\/33\/revisions"}],"predecessor-version":[{"id":1697,"href":"https:\/\/zpotarnobrzeg.pl\/index.php?rest_route=\/wp\/v2\/pages\/33\/revisions\/1697"}],"wp:attachment":[{"href":"https:\/\/zpotarnobrzeg.pl\/index.php?rest_route=%2Fwp%2Fv2%2Fmedia&parent=33"}],"curies":[{"name":"wp","href":"https:\/\/api.w.org\/{rel}","templated":true}]}}